{"id":1089,"date":"2018-03-06T11:21:50","date_gmt":"2018-03-06T09:21:50","guid":{"rendered":"https:\/\/telenet.lv\/ru\/vakances\/"},"modified":"2024-06-19T15:33:13","modified_gmt":"2024-06-19T12:33:13","slug":"vakansii","status":"publish","type":"page","link":"https:\/\/www.telenet.lv\/ru\/vakansii\/","title":{"rendered":"\u0412\u0430\u043a\u0430\u043d\u0441\u0438\u0438"},"content":{"rendered":"<div class=\"wpb-content-wrapper\"><p>[vc_row row_height_percent=&#8221;0&#8243; override_padding=&#8221;yes&#8221; h_padding=&#8221;2&#8243; top_padding=&#8221;4&#8243; bottom_padding=&#8221;4&#8243; overlay_alpha=&#8221;50&#8243; gutter_size=&#8221;3&#8243; column_width_percent=&#8221;100&#8243; shift_y=&#8221;0&#8243; z_index=&#8221;0&#8243;][vc_column column_width_percent=&#8221;100&#8243; gutter_size=&#8221;3&#8243; overlay_alpha=&#8221;50&#8243; shift_x=&#8221;0&#8243; shift_y=&#8221;0&#8243; shift_y_down=&#8221;0&#8243; z_index=&#8221;0&#8243; medium_width=&#8221;0&#8243; mobile_width=&#8221;0&#8243; sticky=&#8221;yes&#8221; width=&#8221;1\/3&#8243;][vc_custom_heading heading_semantic=&#8221;h3&#8243; text_size=&#8221;h3&#8243;]SIA \u201eTELENET\u201d \u043f\u0440\u0438\u0433\u043b\u0430\u0448\u0430\u0435\u0442 \u043d\u0430 \u0440\u0430\u0431\u043e\u0442\u0443:[\/vc_custom_heading][vc_custom_heading heading_semantic=&#8221;p&#8221; text_size=&#8221;h4&#8243;]<a class=\"tel-job\" href=\"#tel-pspec\">\u0421\u043f\u0435\u0446\u0438\u0430\u043b\u0438\u0441\u0442 \u043f\u043e \u043f\u0440\u043e\u0434\u0430\u0436\u0435 \u0442\u0435\u043b\u0435\u043a\u043e\u043c\u043c\u0443\u043d\u0438\u043a\u0430\u0446\u0438\u043e\u043d\u043d\u044b\u0445 \u0440\u0435\u0448\u0435\u043d\u0438\u0439;<\/a><\/p>\n<p><a class=\"tel-job\" href=\"#tel-pvej\">\u041c\u043e\u043d\u0442\u0430\u0436\u043d\u0438\u043a \u0441\u043b\u0430\u0431\u043e\u0442\u043e\u0447\u043d\u044b\u0445 \u0441\u0435\u0442\u0435\u0439;<\/a><\/p>\n<p><a class=\"tel-job\" href=\"#tel-popp\">\u041e\u043f\u0435\u0440\u0430\u0442\u043e\u0440.<\/a>[\/vc_custom_heading][\/vc_column][vc_column width=&#8221;2\/3&#8243;][vc_row_inner][vc_column_inner width=&#8221;1\/1&#8243;][vc_custom_heading subheading=&#8221;\u0421\u0442\u0443\u0434\u0435\u043d\u0442\u0430\u043c \u043f\u0440\u0435\u0434\u043e\u0441\u0442\u0430\u0432\u043b\u044f\u0435\u0442\u0441\u044f \u0432\u043e\u0437\u043c\u043e\u0436\u043d\u043e\u0441\u0442\u044c \u0440\u0430\u0431\u043e\u0442\u0430\u0442\u044c \u0438 \u0443\u0447\u0438\u0442\u044c\u0441\u044f.&#8221;]<\/p>\n<div id=\"tel-pspec\" class=\"tel-job-li\">\u0421\u043f\u0435\u0446\u0438\u0430\u043b\u0438\u0441\u0442 \u043f\u043e \u043f\u0440\u043e\u0434\u0430\u0436\u0435 \u0442\u0435\u043b\u0435\u043a\u043e\u043c\u043c\u0443\u043d\u0438\u043a\u0430\u0446\u0438\u043e\u043d\u043d\u044b\u0445 \u0440\u0435\u0448\u0435\u043d\u0438\u0439<\/div>\n<p>[\/vc_custom_heading][vc_column_text]\u041c\u044b \u0412\u0430\u043c \u0434\u043e\u0432\u0435\u0440\u0438\u043c:<\/p>\n<ul>\n<li>\u041f\u043e\u0438\u0441\u043a \u043d\u043e\u0432\u044b\u0445 \u043a\u043b\u0438\u0435\u043d\u0442\u043e\u0432, \u043f\u043e\u0434\u0433\u043e\u0442\u043e\u0432\u043a\u0443 \u043a\u043e\u043c\u043c\u0435\u0440\u0447\u0435\u0441\u043a\u0438\u0445 \u043f\u0440\u0435\u0434\u043b\u043e\u0436\u0435\u043d\u0438\u0439, \u0437\u0430\u043a\u043b\u044e\u0447\u0435\u043d\u0438\u0435 \u0434\u043e\u0433\u043e\u0432\u043e\u0440\u043e\u0432;<\/li>\n<li>\u041a\u043e\u043d\u0441\u0443\u043b\u044c\u0442\u0438\u0440\u043e\u0432\u0430\u043d\u0438\u0435 \u043a\u043b\u0438\u0435\u043d\u0442\u043e\u0432 \u043e\u0431 \u0443\u0441\u043b\u0443\u0433\u0430\u0445 \u0442\u0435\u043b\u0435\u043a\u043e\u043c\u043c\u0443\u043d\u0438\u043a\u0430\u0446\u0438\u0439 \u0438 \u0418\u0422;<\/li>\n<li>\u0421\u043e\u0437\u0434\u0430\u043d\u0438\u0435 \u0446\u0435\u043d\u043e\u0432\u044b\u0445 \u043f\u0440\u0435\u0434\u043b\u043e\u0436\u0435\u043d\u0438\u0439;<\/li>\n<li>\u041a\u043e\u043d\u0442\u0440\u043e\u043b\u0438\u0440\u043e\u0432\u0430\u043d\u0438\u0435 \u043f\u0440\u043e\u0446\u0435\u0441\u0441\u0430 \u043e\u043a\u0430\u0437\u0430\u043d\u0438\u044f \u0443\u0441\u043b\u0443\u0433.<\/li>\n<\/ul>\n<p>\u041c\u044b \u0436\u0434\u0435\u043c \u043e\u0442 \u0412\u0430\u0441:<\/p>\n<ul>\n<li>\u0425\u043e\u0440\u043e\u0448\u0438\u0435 \u043d\u0430\u0432\u044b\u043a\u0438 \u043e\u0431\u0449\u0435\u043d\u0438\u044f \u0438 \u0443\u0431\u0435\u0436\u0434\u0435\u043d\u0438\u044f, \u043e\u0442\u0432\u0435\u0442\u0441\u0442\u0432\u0435\u043d\u043d\u043e\u0441\u0442\u044c, \u043f\u043e\u0437\u0438\u0442\u0438\u0432\u043d\u043e\u0435 \u043e\u0442\u043d\u043e\u0448\u0435\u043d\u0438\u0435;<\/li>\n<li>\u0425\u043e\u0440\u043e\u0448\u0438\u0435 \u043d\u0430\u0432\u044b\u043a\u0438 \u0440\u0430\u0431\u043e\u0442\u044b \u0441 \u043a\u043e\u043c\u043f\u044c\u044e\u0442\u0435\u0440\u043e\u043c (MS Office) \u0431\u0443\u0434\u0443\u0442 \u0441\u0447\u0438\u0442\u0430\u0442\u044c\u0441\u044f \u043f\u0440\u0435\u0438\u043c\u0443\u0449\u0435\u0441\u0442\u0432\u043e\u043c.<\/li>\n<\/ul>\n<p>\u041c\u044b \u043f\u0440\u0435\u0434\u043b\u0430\u0433\u0430\u0435\u043c:<\/p>\n<ul>\n<li>\u0410\u043a\u0442\u0438\u0432\u043d\u0443\u044e \u0438 \u043e\u0442\u0432\u0435\u0442\u0441\u0442\u0432\u0435\u043d\u043d\u0443\u044e \u0440\u0430\u0431\u043e\u0442\u0443 \u0441 \u0441\u043e\u043e\u0442\u0432\u0435\u0442\u0441\u0442\u0432\u0443\u044e\u0449\u0435\u0439 \u0437\u0430\u0440\u043f\u043b\u0430\u0442\u043e\u0439 \u0438 \u043f\u0440\u0435\u043c\u0438\u0435\u0439;<\/li>\n<li>\u042d\u043b\u0430\u0441\u0442\u0438\u0447\u043d\u044b\u0439 \u0433\u0440\u0430\u0444\u0438\u043a \u0440\u0430\u0431\u043e\u0442\u044b;<\/li>\n<li>\u041f\u0440\u0435\u043a\u0440\u0430\u0441\u043d\u044b\u0435 \u0432\u043e\u0437\u043c\u043e\u0436\u043d\u043e\u0441\u0442\u0438 \u0434\u043b\u044f \u043f\u0440\u043e\u0444\u0435\u0441\u0441\u0438\u043e\u043d\u0430\u043b\u044c\u043d\u043e\u0433\u043e \u0440\u0430\u0437\u0432\u0438\u0442\u0438\u044f.<\/li>\n<\/ul>\n<p>\u041f\u0440\u0438\u0441\u044b\u043b\u0430\u0439\u0442\u0435 \u0441\u0432\u043e\u0435 CV \u043d\u0430: <a href=\"mailto:vakances@telenet.lv\">vakances@telenet.lv<\/a> \u0441 \u043f\u043e\u043c\u0435\u0442\u043a\u043e\u0439 &#8220;\u0421\u043f\u0435\u0446\u0438\u0430\u043b\u0438\u0441\u0442 \u043f\u043e \u043f\u0440\u043e\u0434\u0430\u0436\u0435 \u0442\u0435\u043b\u0435\u043a\u043e\u043c\u043c\u0443\u043d\u0438\u043a\u0430\u0446\u0438\u043e\u043d\u043d\u044b\u0445 \u0440\u0435\u0448\u0435\u043d\u0438\u0439.&#8221;.<br \/>\nNB! \u041c\u044b \u0441\u0432\u044f\u0436\u0435\u043c\u0441\u044f \u0442\u043e\u043b\u044c\u043a\u043e \u0441 \u0442\u0435\u043c\u0438 \u043a\u0430\u043d\u0434\u0438\u0434\u0430\u0442\u0430\u043c\u0438, \u043a\u043e\u0442\u043e\u0440\u044b\u0445 \u043f\u0440\u0438\u0433\u043b\u0430\u0441\u0438\u043c \u043d\u0430 \u0438\u043d\u0442\u0435\u0440\u0432\u044c\u044e.[\/vc_column_text][\/vc_column_inner][\/vc_row_inner][vc_row_inner][vc_column_inner width=&#8221;1\/1&#8243;][vc_custom_heading]<\/p>\n<div id=\"tel-pvej\" class=\"tel-job-li\">\u041c\u043e\u043d\u0442\u0430\u0436\u043d\u0438\u043a \u0441\u043b\u0430\u0431\u043e\u0442\u043e\u0447\u043d\u044b\u0445 \u0441\u0435\u0442\u0435\u0439<\/div>\n<p>[\/vc_custom_heading][vc_column_text]\u041c\u044b \u0412\u0430\u043c \u0434\u043e\u0432\u0435\u0440\u0438\u043c:<\/p>\n<ul>\n<li>\u041c\u043e\u043d\u0442\u0430\u0436 \u0432\u043e\u0437\u0434\u0443\u0448\u043d\u044b\u0445 \u043c\u0430\u0433\u0438\u0441\u0442\u0440\u0430\u043b\u0435\u0439 (\u0440\u0430\u0431\u043e\u0442\u0430 \u043d\u0430 \u0432\u044b\u0441\u043e\u0442\u0435);<\/li>\n<li>\u041c\u043e\u043d\u0442\u0430\u0436 \u0442\u0435\u043b\u0435\u043a\u043e\u043c\u043c\u0443\u043d\u0438\u043a\u0430\u0446\u0438\u043e\u043d\u043d\u044b\u0445 \u0448\u043a\u0430\u0444\u043e\u0432, \u043c\u0430\u0447\u0442, \u0430\u043d\u0442\u0435\u043d\u043d;<\/li>\n<li>\u041f\u043e\u0434\u043a\u043b\u044e\u0447\u0435\u043d\u0438\u0435 \u0430\u0431\u043e\u043d\u0435\u043d\u0442\u043e\u0432 \u043a \u0441\u0435\u0442\u0438 \u0438\u043d\u0442\u0435\u0440\u043d\u0435\u0442;<\/li>\n<li>\u0421\u043e\u0437\u0434\u0430\u043d\u0438\u0435 \u0432\u043d\u0443\u0442\u0440\u0435\u043d\u043d\u0438\u0445 \u0441\u043b\u0430\u0431\u043e\u0442\u043e\u0447\u043d\u044b\u0445 \u0441\u0435\u0442\u0435\u0439.<\/li>\n<\/ul>\n<p>\u041c\u044b \u0436\u0434\u0435\u043c \u043e\u0442 \u0412\u0430\u0441:<\/p>\n<ul>\n<li>\u0425\u043e\u0440\u043e\u0448\u0438\u0435 \u043d\u0430\u0432\u044b\u043a\u0438 \u043a\u043e\u043c\u043c\u0443\u043d\u0438\u043a\u0430\u0446\u0438\u0438;<\/li>\n<li>\u041e\u0441\u043d\u043e\u0432\u043d\u044b\u0435 \u0437\u043d\u0430\u043d\u0438\u044f \u043a\u043e\u043c\u043f\u044c\u044e\u0442\u0435\u0440\u043d\u044b\u0445 \u0438 \u0441\u0435\u0442\u0435\u0432\u044b\u0445 \u0442\u0435\u0445\u043d\u043e\u043b\u043e\u0433\u0438\u0439;<\/li>\n<li>\u0412\u044b\u0441\u043e\u043a\u043e\u0435 \u0447\u0443\u0432\u0441\u0442\u0432\u043e \u043e\u0442\u0432\u0435\u0442\u0441\u0442\u0432\u0435\u043d\u043d\u043e\u0441\u0442\u0438 \u0438 \u0442\u043e\u0447\u043d\u043e\u0441\u0442\u044c;<\/li>\n<li>\u0416\u0435\u043b\u0430\u0442\u0435\u043b\u0435\u043d \u043e\u043f\u044b\u0442 \u0432 \u043f\u043e\u0445\u043e\u0436\u0435\u0439 \u0441\u0444\u0435\u0440\u0435.<\/li>\n<\/ul>\n<p>\u041c\u044b \u043f\u0440\u0435\u0434\u043b\u0430\u0433\u0430\u0435\u043c:<\/p>\n<ul>\n<li>\u041d\u0435\u043e\u0431\u0445\u043e\u0434\u0438\u043c\u043e\u0435 \u043e\u0431\u0443\u0447\u0435\u043d\u0438\u0435;<\/li>\n<li>\u0421\u0442\u0430\u0431\u0438\u043b\u044c\u043d\u0443\u044e \u0438 \u0434\u0438\u043d\u0430\u043c\u0438\u0447\u043d\u0443\u044e \u0440\u0430\u0431\u043e\u0442\u0443;<\/li>\n<li>\u041c\u043e\u0442\u0438\u0432\u0438\u0440\u0443\u044e\u0449\u0443\u044e \u043e\u043f\u043b\u0430\u0442\u0443 \u0438 \u0432\u043e\u0437\u043c\u043e\u0436\u043d\u043e\u0441\u0442\u0438 \u0440\u0430\u0437\u0432\u0438\u0442\u0438\u044f.<\/li>\n<\/ul>\n<p>\u041f\u0440\u0438\u0441\u044b\u043b\u0430\u0439\u0442\u0435 \u0441\u0432\u043e\u0435 CV \u043d\u0430: <a href=\"mailto:vakances@telenet.lv\">vakances@telenet.lv<\/a> \u0441 \u043f\u043e\u043c\u0435\u0442\u043a\u043e\u0439 &#8220;\u041c\u043e\u043d\u0442\u0430\u0436\u043d\u0438\u043a \u0441\u043b\u0430\u0431\u043e\u0442\u043e\u0447\u043d\u044b\u0445 \u0441\u0435\u0442\u0435\u0439&#8221;.[\/vc_column_text][\/vc_column_inner][\/vc_row_inner][vc_row_inner][vc_column_inner width=&#8221;1\/1&#8243;][vc_custom_heading]<\/p>\n<div id=\"tel-popp\" class=\"tel-job-li\">\u041e\u043f\u0435\u0440\u0430\u0442\u043e\u0440<\/div>\n<p>[\/vc_custom_heading][vc_column_text]\u041c\u044b \u0412\u0430\u043c \u0434\u043e\u0432\u0435\u0440\u0438\u043c:<\/p>\n<ul>\n<li>\u0412\u0435\u0436\u043b\u0438\u0432\u043e\u0435 \u0438 \u043f\u0440\u043e\u0444\u0435\u0441\u0441\u0438\u043e\u043d\u0430\u043b\u044c\u043d\u043e\u0435 \u043e\u0431\u0441\u043b\u0443\u0436\u0438\u0432\u0430\u043d\u0438\u0435 \u043a\u043b\u0438\u0435\u043d\u0442\u043e\u0432 (\u043f\u043e \u0442\u0435\u043b\u0435\u0444\u043e\u043d\u0443 \u0438\u043b\u0438 \u043b\u0438\u0447\u043d\u043e);<\/li>\n<li>\u042d\u0444\u0444\u0435\u043a\u0442\u0438\u0432\u043d\u0430\u044f \u043e\u0431\u0440\u0430\u0431\u043e\u0442\u043a\u0430 \u0432\u0445\u043e\u0434\u044f\u0449\u0438\u0445 \u0437\u0432\u043e\u043d\u043a\u043e\u0432 \u0438 \u0431\u044b\u0441\u0442\u0440\u043e\u0435 \u0440\u0435\u0430\u0433\u0438\u0440\u043e\u0432\u0430\u043d\u0438\u0435 \u043d\u0430 \u0437\u0430\u043f\u0440\u043e\u0441\u044b \u043a\u043b\u0438\u0435\u043d\u0442\u0430;<\/li>\n<li>\u041f\u0440\u0435\u0434\u043e\u0441\u0442\u0430\u0432\u043b\u0435\u043d\u0438\u0435 \u043a\u043e\u043d\u0441\u0443\u043b\u044c\u0442\u0430\u0446\u0438\u0439 \u0442\u0435\u0445\u043d\u0438\u0447\u0435\u0441\u043a\u043e\u0433\u043e \u0445\u0430\u0440\u0430\u043a\u0442\u0435\u0440\u0430 \u043a\u043b\u0438\u0435\u043d\u0442\u0430\u043c \u043f\u0440\u0435\u0434\u043f\u0440\u0438\u044f\u0442\u0438\u044f \u043f\u043e \u044d\u043b. \u043f\u043e\u0447\u0442\u0435, \u0442\u0435\u043b\u0435\u0444\u043e\u043d\u0443 \u0438\u043b\u0438 \u043b\u0438\u0447\u043d\u043e;<\/li>\n<li>\u041f\u0440\u0435\u0434\u043e\u0441\u0442\u0430\u0432\u043b\u0435\u043d\u0438\u0435 \u0438\u043d\u0444\u043e\u0440\u043c\u0430\u0446\u0438\u0438 \u043e\u0431 \u0443\u0441\u043b\u0443\u0433\u0430\u0445;<\/li>\n<li>\u0423\u0434\u0435\u0440\u0436\u0438\u0432\u0430\u043d\u0438\u0435 \u0441\u0443\u0449\u0435\u0441\u0442\u0432\u0443\u044e\u0449\u0438\u0445 \u0438 \u043f\u0440\u0438\u0432\u043b\u0435\u0447\u0435\u043d\u0438\u0435 \u043d\u043e\u0432\u044b\u0445 \u043a\u043b\u0438\u0435\u043d\u0442\u043e\u0432;<\/li>\n<li>\u041e\u0431\u0440\u0430\u0431\u043e\u0442\u043a\u0430 \u0438\u043d\u0444\u043e\u0440\u043c\u0430\u0446\u0438\u0438 \u0432 \u0431\u0430\u0437\u0435 \u0434\u0430\u043d\u043d\u044b\u0445 \u043a\u043b\u0438\u0435\u043d\u0442\u043e\u0432;<\/li>\n<li>\u0420\u0430\u0431\u043e\u0442\u0430 \u0441 \u0434\u043e\u0433\u043e\u0432\u043e\u0440\u0430\u043c\u0438 \u0438 \u0441\u0438\u0441\u0442\u0435\u043c\u043e\u0439 \u043e\u0431\u0441\u043b\u0443\u0436\u0438\u0432\u0430\u043d\u0438\u044f \u043a\u043b\u0438\u0435\u043d\u0442\u043e\u0432.<\/li>\n<\/ul>\n<p>\u041c\u044b \u0436\u0434\u0435\u043c \u043e\u0442 \u0412\u0430\u0441:<\/p>\n<ul>\n<li>\u041d\u0430\u0432\u044b\u043a\u0438 \u0440\u0430\u0431\u043e\u0442\u044b \u0441 \u043a\u043e\u043c\u043f\u044c\u044e\u0442\u0435\u0440\u043e\u043c \u043d\u0430 \u0443\u0440\u043e\u0432\u043d\u0435 \u043f\u043e\u043b\u044c\u0437\u043e\u0432\u0430\u0442\u0435\u043b\u044f;<\/li>\n<li>\u0422\u043e\u0447\u043d\u043e\u0441\u0442\u044c, \u0432\u044b\u0441\u043e\u043a\u043e\u0435 \u0447\u0443\u0432\u0441\u0442\u0432\u043e \u043e\u0442\u0432\u0435\u0442\u0441\u0442\u0432\u0435\u043d\u043d\u043e\u0441\u0442\u0438;<\/li>\n<li>\u041e\u043f\u044b\u0442 \u0440\u0430\u0431\u043e\u0442\u044b \u0432 \u043e\u0431\u0441\u043b\u0443\u0436\u0438\u0432\u0430\u043d\u0438\u0438 \u043a\u043b\u0438\u0435\u043d\u0442\u043e\u0432 \u0438 \u043f\u0440\u043e\u0434\u0430\u0436\u0430\u0445;<\/li>\n<li>\u0425\u043e\u0440\u043e\u0448\u0438\u0435 \u043d\u0430\u0432\u044b\u043a\u0438 \u043a\u043e\u043c\u043c\u0443\u043d\u0438\u043a\u0430\u0446\u0438\u0438 \u0438 \u0443\u0431\u0435\u0436\u0434\u0435\u043d\u0438\u044f;<\/li>\n<\/ul>\n<p>\u041c\u044b \u043f\u0440\u0435\u0434\u043b\u0430\u0433\u0430\u0435\u043c:<\/p>\n<ul>\n<li>\u0418\u043d\u0442\u0435\u0440\u0435\u0441\u043d\u0443\u044e \u0438 \u0434\u0438\u043d\u0430\u043c\u0438\u0447\u043d\u0443\u044e \u0440\u0430\u0431\u043e\u0442\u0443 \u043d\u0430 \u0441\u0442\u0430\u0431\u0438\u043b\u044c\u043d\u043e\u043c \u0438 \u0440\u0430\u0441\u0442\u0443\u0449\u0435\u043c \u043f\u0440\u0435\u0434\u043f\u0440\u0438\u044f\u0442\u0438\u0438;<\/li>\n<li>\u041e\u0431\u0443\u0447\u0435\u043d\u0438\u0435 \u0434\u043b\u044f \u0432\u044b\u043f\u043e\u043b\u043d\u0435\u043d\u0438\u044f \u043d\u0435\u043e\u0431\u0445\u043e\u0434\u0438\u043c\u043e\u0439 \u0440\u0430\u0431\u043e\u0442\u044b;<\/li>\n<li>\u0420\u0430\u0431\u043e\u0442\u0443 \u0432 \u0434\u0440\u0443\u0436\u043d\u043e\u0439 \u0438 \u043f\u0440\u043e\u0444\u0435\u0441\u0441\u0438\u043e\u043d\u0430\u043b\u044c\u043d\u043e\u0439 \u043a\u043e\u043c\u0430\u043d\u0434\u0435;<\/li>\n<li>\u0412\u043e\u0437\u043c\u043e\u0436\u043d\u043e\u0441\u0442\u0438 \u043a\u0430\u0440\u044c\u0435\u0440\u043d\u043e\u0433\u043e \u0440\u043e\u0441\u0442\u0430.<\/li>\n<\/ul>\n<p>\u041f\u0440\u0438\u0441\u044b\u043b\u0430\u0439\u0442\u0435 \u0441\u0432\u043e\u0435 CV \u043d\u0430: <a href=\"mailto:vakances@telenet.lv\">vakances@telenet.lv<\/a> \u0441 \u043f\u043e\u043c\u0435\u0442\u043a\u043e\u0439 &#8220;\u041e\u043f\u0435\u0440\u0430\u0442\u043e\u0440&#8221;.[\/vc_column_text][\/vc_column_inner][\/vc_row_inner][\/vc_column][\/vc_row]<\/p>\n<\/div>","protected":false},"excerpt":{"rendered":"<p>[vc_row row_height_percent=&#8221;0&#8243; override_padding=&#8221;yes&#8221; h_padding=&#8221;2&#8243; top_padding=&#8221;4&#8243; bottom_padding=&#8221;4&#8243; overlay_alpha=&#8221;50&#8243; gutter_size=&#8221;3&#8243; column_width_percent=&#8221;100&#8243; shift_y=&#8221;0&#8243; z_index=&#8221;0&#8243;][vc_column column_width_percent=&#8221;100&#8243; gutter_size=&#8221;3&#8243; overlay_alpha=&#8221;50&#8243; shift_x=&#8221;0&#8243; shift_y=&#8221;0&#8243; shift_y_down=&#8221;0&#8243; z_index=&#8221;0&#8243; medium_width=&#8221;0&#8243; mobile_width=&#8221;0&#8243; [&hellip;]<\/p>\n","protected":false},"author":1,"featured_media":0,"parent":0,"menu_order":0,"comment_status":"closed","ping_status":"closed","template":"","meta":{"footnotes":""},"class_list":["post-1089","page","type-page","status-publish","hentry"],"yoast_head":"<!-- This site is optimized with the Yoast SEO plugin v23.3 - https:\/\/yoast.com\/wordpress\/plugins\/seo\/ -->\n<title>\u0412\u0430\u043a\u0430\u043d\u0441\u0438\u0438 - Telenet<\/title>\n<meta name=\"robots\" content=\"index, follow, max-snippet:-1, max-image-preview:large, max-video-preview:-1\" \/>\n<link rel=\"canonical\" href=\"https:\/\/www.telenet.lv\/ru\/vakansii\/\" \/>\n<meta property=\"og:locale\" content=\"ru_RU\" \/>\n<meta property=\"og:type\" content=\"article\" \/>\n<meta property=\"og:title\" content=\"\u0412\u0430\u043a\u0430\u043d\u0441\u0438\u0438 - Telenet\" \/>\n<meta property=\"og:description\" content=\"[vc_row row_height_percent=&#8221;0&#8243; override_padding=&#8221;yes&#8221; h_padding=&#8221;2&#8243; top_padding=&#8221;4&#8243; bottom_padding=&#8221;4&#8243; overlay_alpha=&#8221;50&#8243; gutter_size=&#8221;3&#8243; column_width_percent=&#8221;100&#8243; shift_y=&#8221;0&#8243; z_index=&#8221;0&#8243;][vc_column column_width_percent=&#8221;100&#8243; gutter_size=&#8221;3&#8243; overlay_alpha=&#8221;50&#8243; shift_x=&#8221;0&#8243; shift_y=&#8221;0&#8243; shift_y_down=&#8221;0&#8243; z_index=&#8221;0&#8243; medium_width=&#8221;0&#8243; mobile_width=&#8221;0&#8243; [&hellip;]\" \/>\n<meta property=\"og:url\" content=\"https:\/\/www.telenet.lv\/ru\/vakansii\/\" \/>\n<meta property=\"og:site_name\" content=\"Telenet\" \/>\n<meta property=\"article:modified_time\" content=\"2024-06-19T12:33:13+00:00\" \/>\n<meta name=\"twitter:card\" content=\"summary_large_image\" \/>\n<meta name=\"twitter:label1\" content=\"Est. reading time\" \/>\n\t<meta name=\"twitter:data1\" content=\"1 minute\" \/>\n<script type=\"application\/ld+json\" class=\"yoast-schema-graph\">{\"@context\":\"https:\/\/schema.org\",\"@graph\":[{\"@type\":\"WebPage\",\"@id\":\"https:\/\/www.telenet.lv\/ru\/vakansii\/\",\"url\":\"https:\/\/www.telenet.lv\/ru\/vakansii\/\",\"name\":\"\u0412\u0430\u043a\u0430\u043d\u0441\u0438\u0438 - Telenet\",\"isPartOf\":{\"@id\":\"https:\/\/www.telenet.lv\/#website\"},\"datePublished\":\"2018-03-06T09:21:50+00:00\",\"dateModified\":\"2024-06-19T12:33:13+00:00\",\"breadcrumb\":{\"@id\":\"https:\/\/www.telenet.lv\/ru\/vakansii\/#breadcrumb\"},\"inLanguage\":\"ru-RU\",\"potentialAction\":[{\"@type\":\"ReadAction\",\"target\":[\"https:\/\/www.telenet.lv\/ru\/vakansii\/\"]}]},{\"@type\":\"BreadcrumbList\",\"@id\":\"https:\/\/www.telenet.lv\/ru\/vakansii\/#breadcrumb\",\"itemListElement\":[{\"@type\":\"ListItem\",\"position\":1,\"name\":\"Home\",\"item\":\"https:\/\/www.telenet.lv\/ru\/\"},{\"@type\":\"ListItem\",\"position\":2,\"name\":\"\u0412\u0430\u043a\u0430\u043d\u0441\u0438\u0438\"}]},{\"@type\":\"WebSite\",\"@id\":\"https:\/\/www.telenet.lv\/#website\",\"url\":\"https:\/\/www.telenet.lv\/\",\"name\":\"Telenet\",\"description\":\"Interneta un TV pakalpojumu sniedz\u0113js R\u012bg\u0101\",\"publisher\":{\"@id\":\"https:\/\/www.telenet.lv\/#organization\"},\"potentialAction\":[{\"@type\":\"SearchAction\",\"target\":{\"@type\":\"EntryPoint\",\"urlTemplate\":\"https:\/\/www.telenet.lv\/?s={search_term_string}\"},\"query-input\":\"required name=search_term_string\"}],\"inLanguage\":\"ru-RU\"},{\"@type\":\"Organization\",\"@id\":\"https:\/\/www.telenet.lv\/#organization\",\"name\":\"Telenet\",\"url\":\"https:\/\/www.telenet.lv\/\",\"logo\":{\"@type\":\"ImageObject\",\"inLanguage\":\"ru-RU\",\"@id\":\"https:\/\/www.telenet.lv\/#\/schema\/logo\/image\/\",\"url\":\"https:\/\/www.telenet.lv\/wp-content\/uploads\/2024\/02\/Telenet_logo_white-1.svg\",\"contentUrl\":\"https:\/\/www.telenet.lv\/wp-content\/uploads\/2024\/02\/Telenet_logo_white-1.svg\",\"caption\":\"Telenet\"},\"image\":{\"@id\":\"https:\/\/www.telenet.lv\/#\/schema\/logo\/image\/\"}}]}<\/script>\n<!-- \/ Yoast SEO plugin. -->","yoast_head_json":{"title":"\u0412\u0430\u043a\u0430\u043d\u0441\u0438\u0438 - Telenet","robots":{"index":"index","follow":"follow","max-snippet":"max-snippet:-1","max-image-preview":"max-image-preview:large","max-video-preview":"max-video-preview:-1"},"canonical":"https:\/\/www.telenet.lv\/ru\/vakansii\/","og_locale":"ru_RU","og_type":"article","og_title":"\u0412\u0430\u043a\u0430\u043d\u0441\u0438\u0438 - Telenet","og_description":"[vc_row row_height_percent=&#8221;0&#8243; override_padding=&#8221;yes&#8221; h_padding=&#8221;2&#8243; top_padding=&#8221;4&#8243; bottom_padding=&#8221;4&#8243; overlay_alpha=&#8221;50&#8243; gutter_size=&#8221;3&#8243; column_width_percent=&#8221;100&#8243; shift_y=&#8221;0&#8243; z_index=&#8221;0&#8243;][vc_column column_width_percent=&#8221;100&#8243; gutter_size=&#8221;3&#8243; overlay_alpha=&#8221;50&#8243; shift_x=&#8221;0&#8243; shift_y=&#8221;0&#8243; shift_y_down=&#8221;0&#8243; z_index=&#8221;0&#8243; medium_width=&#8221;0&#8243; mobile_width=&#8221;0&#8243; [&hellip;]","og_url":"https:\/\/www.telenet.lv\/ru\/vakansii\/","og_site_name":"Telenet","article_modified_time":"2024-06-19T12:33:13+00:00","twitter_card":"summary_large_image","twitter_misc":{"Est. reading time":"1 minute"},"schema":{"@context":"https:\/\/schema.org","@graph":[{"@type":"WebPage","@id":"https:\/\/www.telenet.lv\/ru\/vakansii\/","url":"https:\/\/www.telenet.lv\/ru\/vakansii\/","name":"\u0412\u0430\u043a\u0430\u043d\u0441\u0438\u0438 - Telenet","isPartOf":{"@id":"https:\/\/www.telenet.lv\/#website"},"datePublished":"2018-03-06T09:21:50+00:00","dateModified":"2024-06-19T12:33:13+00:00","breadcrumb":{"@id":"https:\/\/www.telenet.lv\/ru\/vakansii\/#breadcrumb"},"inLanguage":"ru-RU","potentialAction":[{"@type":"ReadAction","target":["https:\/\/www.telenet.lv\/ru\/vakansii\/"]}]},{"@type":"BreadcrumbList","@id":"https:\/\/www.telenet.lv\/ru\/vakansii\/#breadcrumb","itemListElement":[{"@type":"ListItem","position":1,"name":"Home","item":"https:\/\/www.telenet.lv\/ru\/"},{"@type":"ListItem","position":2,"name":"\u0412\u0430\u043a\u0430\u043d\u0441\u0438\u0438"}]},{"@type":"WebSite","@id":"https:\/\/www.telenet.lv\/#website","url":"https:\/\/www.telenet.lv\/","name":"Telenet","description":"Interneta un TV pakalpojumu sniedz\u0113js R\u012bg\u0101","publisher":{"@id":"https:\/\/www.telenet.lv\/#organization"},"potentialAction":[{"@type":"SearchAction","target":{"@type":"EntryPoint","urlTemplate":"https:\/\/www.telenet.lv\/?s={search_term_string}"},"query-input":"required name=search_term_string"}],"inLanguage":"ru-RU"},{"@type":"Organization","@id":"https:\/\/www.telenet.lv\/#organization","name":"Telenet","url":"https:\/\/www.telenet.lv\/","logo":{"@type":"ImageObject","inLanguage":"ru-RU","@id":"https:\/\/www.telenet.lv\/#\/schema\/logo\/image\/","url":"https:\/\/www.telenet.lv\/wp-content\/uploads\/2024\/02\/Telenet_logo_white-1.svg","contentUrl":"https:\/\/www.telenet.lv\/wp-content\/uploads\/2024\/02\/Telenet_logo_white-1.svg","caption":"Telenet"},"image":{"@id":"https:\/\/www.telenet.lv\/#\/schema\/logo\/image\/"}}]}},"_links":{"self":[{"href":"https:\/\/www.telenet.lv\/ru\/wp-json\/wp\/v2\/pages\/1089"}],"collection":[{"href":"https:\/\/www.telenet.lv\/ru\/wp-json\/wp\/v2\/pages"}],"about":[{"href":"https:\/\/www.telenet.lv\/ru\/wp-json\/wp\/v2\/types\/page"}],"author":[{"embeddable":true,"href":"https:\/\/www.telenet.lv\/ru\/wp-json\/wp\/v2\/users\/1"}],"replies":[{"embeddable":true,"href":"https:\/\/www.telenet.lv\/ru\/wp-json\/wp\/v2\/comments?post=1089"}],"version-history":[{"count":0,"href":"https:\/\/www.telenet.lv\/ru\/wp-json\/wp\/v2\/pages\/1089\/revisions"}],"wp:attachment":[{"href":"https:\/\/www.telenet.lv\/ru\/wp-json\/wp\/v2\/media?parent=1089"}],"curies":[{"name":"wp","href":"https:\/\/api.w.org\/{rel}","templated":true}]}}